{"id":34,"date":"2014-04-06T09:00:24","date_gmt":"2014-04-06T09:00:24","guid":{"rendered":"http:\/\/sonnenschein-metzingen.de\/?page_id=34"},"modified":"2026-01-26T20:24:26","modified_gmt":"2026-01-26T20:24:26","slug":"details","status":"publish","type":"page","link":"https:\/\/sonnenschein-metzingen.de\/?page_id=34","title":{"rendered":"\u00d6ffnungszeiten, Anmeldung und Monatsbeitr\u00e4ge"},"content":{"rendered":"\n<h3><strong>Unsere \u00d6ffnungszeiten (Mo-Fr):<\/strong><\/h3>\n\n\n\n<h4><strong>Betreuungszeitenmodelle:<\/strong><\/h4>\n\n\n\n<ul><li><strong>7.45 \u2013 12.15 Uhr oder 8.15 \u2013&nbsp;12.45 Uhr (Regelplatz flexibel)<\/strong><\/li><li><strong>7.45 \u2013 12.45 Uhr (V\u00d6-Pl\u00e4tze)<\/strong><\/li><\/ul>\n\n\n\n<h3><strong>Anmeldung:<\/strong><\/h3>\n\n\n\n<p><strong>Kindergruppe Sonnenschein<\/strong> <strong>e.V.<\/strong><br>Pfleghofstra\u00dfe 41<br>72555 Metzingen<br>Frau Weiblen<br>kontakt@sonnenschein-metzingen.de<br>Tel. 07123\/9723458 (7.30 &#8211; 12.30 Uhr)<\/p>\n\n\n\n<p><strong>Stadtverwaltung Metzingen<\/strong><br>Frau Heilemann&nbsp;&nbsp;&#8211;&nbsp; Tel. 07123\/925318<\/p>\n\n\n\n<h4><strong>Ab September 2025 g\u00fcltige Monatsbeitr\u00e4ge:<\/strong><\/h4>\n\n\n\n<p>Unsere Beitr\u00e4ge sind nach Einkommen und Kinderanzahl gestaffelt. Es sind&nbsp;11 Monatsbeitr\u00e4ge pro Kalenderjahr zu zahlen; der August ist beitragsfrei.<\/p>\n\n\n\n<p><a href=\"https:\/\/sonnenschein-metzingen.de\/wp-content\/uploads\/2026\/01\/Betreuungsentgelte-Sonnenschein-ab-Sept-25.pdf\" data-type=\"URL\" data-id=\"https:\/\/sonnenschein-metzingen.de\/wp-content\/uploads\/2026\/01\/Betreuungsentgelte-Sonnenschein-ab-Sept-25.pdf\">Betreuungsentgelte Sonnenschein ab September 2025<\/a><\/p>\n\n\n\n<p>F\u00fcr die Verpflegung fallen weitere Kosten an, die direkt an das Erzieherinnenteam gezahlt werden (20 \u20ac pro Monat).<\/p>\n\n\n\n<p>Au\u00dferdem sind die Eltern unserer Sonnenschein-Kinder \u00fcber <strong>Elterndienste<\/strong> in die Betreuung eingebunden &#8211; <a href=\"https:\/\/sonnenschein-metzingen.de\/?page_id=694\">genauere Informationen dazu finden Sie hier<\/a>.<\/p>\n","protected":false},"excerpt":{"rendered":"<p>Unsere \u00d6ffnungszeiten (Mo-Fr): Betreuungszeitenmodelle: 7.45 \u2013 12.15 Uhr oder 8.15 \u2013&nbsp;12.45 Uhr (Regelplatz flexibel) 7.45 \u2013 12.45 Uhr (V\u00d6-Pl\u00e4tze) Anmeldung: Kindergruppe Sonnenschein e.V.Pfleghofstra\u00dfe 4172555 MetzingenFrau Weiblenkontakt@sonnenschein-metzingen.deTel. 07123\/9723458 (7.30 &#8211; 12.30 Uhr) Stadtverwaltung MetzingenFrau Heilemann&nbsp;&nbsp;&#8211;&nbsp; Tel. 07123\/925318 Ab September 2025 g\u00fcltige Monatsbeitr\u00e4ge: Unsere Beitr\u00e4ge sind nach Einkommen und Kinderanzahl gestaffelt. Es sind&nbsp;11 Monatsbeitr\u00e4ge pro Kalenderjahr zu &hellip; <a href=\"https:\/\/sonnenschein-metzingen.de\/?page_id=34\" class=\"more-link\"><span class=\"screen-reader-text\">\u00d6ffnungszeiten, Anmeldung und Monatsbeitr\u00e4ge<\/span> weiterlesen <span class=\"meta-nav\">&rarr;<\/span><\/a><\/p>\n","protected":false},"author":1,"featured_media":0,"parent":17,"menu_order":0,"comment_status":"closed","ping_status":"closed","template":"","meta":[],"_links":{"self":[{"href":"https:\/\/sonnenschein-metzingen.de\/index.php?rest_route=\/wp\/v2\/pages\/34"}],"collection":[{"href":"https:\/\/sonnenschein-metzingen.de\/index.php?rest_route=\/wp\/v2\/pages"}],"about":[{"href":"https:\/\/sonnenschein-metzingen.de\/index.php?rest_route=\/wp\/v2\/types\/page"}],"author":[{"embeddable":true,"href":"https:\/\/sonnenschein-metzingen.de\/index.php?rest_route=\/wp\/v2\/users\/1"}],"replies":[{"embeddable":true,"href":"https:\/\/sonnenschein-metzingen.de\/index.php?rest_route=%2Fwp%2Fv2%2Fcomments&post=34"}],"version-history":[{"count":34,"href":"https:\/\/sonnenschein-metzingen.de\/index.php?rest_route=\/wp\/v2\/pages\/34\/revisions"}],"predecessor-version":[{"id":894,"href":"https:\/\/sonnenschein-metzingen.de\/index.php?rest_route=\/wp\/v2\/pages\/34\/revisions\/894"}],"up":[{"embeddable":true,"href":"https:\/\/sonnenschein-metzingen.de\/index.php?rest_route=\/wp\/v2\/pages\/17"}],"wp:attachment":[{"href":"https:\/\/sonnenschein-metzingen.de\/index.php?rest_route=%2Fwp%2Fv2%2Fmedia&parent=34"}],"curies":[{"name":"wp","href":"https:\/\/api.w.org\/{rel}","templated":true}]}}