{"id":30,"date":"2014-04-06T08:42:46","date_gmt":"2014-04-06T08:42:46","guid":{"rendered":"http:\/\/sonnenschein-metzingen.de\/?page_id=30"},"modified":"2020-06-01T23:41:12","modified_gmt":"2020-06-01T23:41:12","slug":"unser-tagesablauf","status":"publish","type":"page","link":"https:\/\/sonnenschein-metzingen.de\/?page_id=30","title":{"rendered":"Unser Tagesablauf&#8230;"},"content":{"rendered":"<p>7.30 \u2013 9.00 Uhr<br \/>\nAnkommen der Kinder, Begr\u00fc\u00dfung, freies Spielen und angeleitete T\u00e4tigkeiten, Fr\u00fchst\u00fcck vorbereiten.<\/p>\n<p>9.45 Uhr<br \/>\nAufr\u00e4umlied und gemeinsames Aufr\u00e4umen.<\/p>\n<p>10.15 Uhr<br \/>\nGemeinsames Fr\u00fchst\u00fcck<\/p>\n<p>10.45 Uhr<br \/>\nMorgenkreis, Kreis- und Fingerspiele, Lieder.<\/p>\n<p>11.15 \u2013 12.30 Uhr<br \/>\nGarten oder Spielplatz<\/p>\n<p>Flexible Abholzeit von 11.45 \u2013 12.45 Uhr<\/p>\n","protected":false},"excerpt":{"rendered":"<p>7.30 \u2013 9.00 Uhr Ankommen der Kinder, Begr\u00fc\u00dfung, freies Spielen und angeleitete T\u00e4tigkeiten, Fr\u00fchst\u00fcck vorbereiten. 9.45 Uhr Aufr\u00e4umlied und gemeinsames Aufr\u00e4umen. 10.15 Uhr Gemeinsames Fr\u00fchst\u00fcck 10.45 Uhr Morgenkreis, Kreis- und Fingerspiele, Lieder. 11.15 \u2013 12.30 Uhr Garten oder Spielplatz Flexible Abholzeit von 11.45 \u2013 12.45 Uhr<\/p>\n","protected":false},"author":1,"featured_media":0,"parent":23,"menu_order":1,"comment_status":"closed","ping_status":"closed","template":"","meta":[],"_links":{"self":[{"href":"https:\/\/sonnenschein-metzingen.de\/index.php?rest_route=\/wp\/v2\/pages\/30"}],"collection":[{"href":"https:\/\/sonnenschein-metzingen.de\/index.php?rest_route=\/wp\/v2\/pages"}],"about":[{"href":"https:\/\/sonnenschein-metzingen.de\/index.php?rest_route=\/wp\/v2\/types\/page"}],"author":[{"embeddable":true,"href":"https:\/\/sonnenschein-metzingen.de\/index.php?rest_route=\/wp\/v2\/users\/1"}],"replies":[{"embeddable":true,"href":"https:\/\/sonnenschein-metzingen.de\/index.php?rest_route=%2Fwp%2Fv2%2Fcomments&post=30"}],"version-history":[{"count":4,"href":"https:\/\/sonnenschein-metzingen.de\/index.php?rest_route=\/wp\/v2\/pages\/30\/revisions"}],"predecessor-version":[{"id":737,"href":"https:\/\/sonnenschein-metzingen.de\/index.php?rest_route=\/wp\/v2\/pages\/30\/revisions\/737"}],"up":[{"embeddable":true,"href":"https:\/\/sonnenschein-metzingen.de\/index.php?rest_route=\/wp\/v2\/pages\/23"}],"wp:attachment":[{"href":"https:\/\/sonnenschein-metzingen.de\/index.php?rest_route=%2Fwp%2Fv2%2Fmedia&parent=30"}],"curies":[{"name":"wp","href":"https:\/\/api.w.org\/{rel}","templated":true}]}}