{"id":23,"date":"2014-04-06T08:02:18","date_gmt":"2014-04-06T08:02:18","guid":{"rendered":"http:\/\/sonnenschein-metzingen.de\/?page_id=23"},"modified":"2014-08-30T19:30:40","modified_gmt":"2014-08-30T19:30:40","slug":"was-wir-machen","status":"publish","type":"page","link":"https:\/\/sonnenschein-metzingen.de\/?page_id=23","title":{"rendered":"Was wir machen&#8230;"},"content":{"rendered":"<p><strong>Mit Kindern leben, spielen, lernen!<\/strong><\/p>\n<p>Die Kindergruppe ist meist die erste Einrichtung f\u00fcr das Kind, in der es sich ohne Eltern mehrere Stunden aufh\u00e4lt. Kleinere Kinder brauchen entsprechend ihrem Entwicklungsstand mehr verl\u00e4ssliche Zuwendung, Aufmerksamkeit und N\u00e4he als Kinder im Kindergartenalter.<br \/>\nSie brauchen Schutz und Geborgenheit, einen geregelten Tagesablauf mit immer wiederkehrenden Ritualen als Orientierung und Sicherheit.<\/p>\n<p>Diese Atmosph\u00e4re unterst\u00fctzt und weckt Interesse auf Neues.<\/p>\n<p>Die Kinder lernen in dieser fr\u00fchen Zeit besonders durch Nachahmen, Ausprobieren, F\u00fchlen, Wiederholen, H\u00f6ren, Singen und Sprechen.<\/p>\n<p><a href=\"https:\/\/sonnenschein-metzingen.de\/wp-content\/uploads\/2014\/08\/sonnenschein_net_007.jpg\"><img loading=\"lazy\" class=\"alignnone size-full wp-image-116\" alt=\"sonnenschein_net_007\" src=\"https:\/\/sonnenschein-metzingen.de\/wp-content\/uploads\/2014\/08\/sonnenschein_net_007.jpg\" width=\"1000\" height=\"666\" srcset=\"https:\/\/sonnenschein-metzingen.de\/wp-content\/uploads\/2014\/08\/sonnenschein_net_007.jpg 1000w, https:\/\/sonnenschein-metzingen.de\/wp-content\/uploads\/2014\/08\/sonnenschein_net_007-300x199.jpg 300w\" sizes=\"(max-width: 1000px) 100vw, 1000px\" \/><\/a><\/p>\n<p><strong>\u201cALLEINE \u2013 ICH KANN DAS!\u201d<\/strong><\/p>\n<p>Kontinuierliche Kontaktm\u00f6glichkeiten in einer kleinen Gruppe f\u00f6rdern das Miteinander und erm\u00f6glichen kindgerechtes Lernen von Regeln in der Gemeinschaft.<\/p>\n<p><a href=\"https:\/\/sonnenschein-metzingen.de\/wp-content\/uploads\/2014\/08\/sonnenschein_net_011k.jpg\"><img loading=\"lazy\" class=\"alignnone size-full wp-image-148\" alt=\"sonnenschein_net_011k\" src=\"https:\/\/sonnenschein-metzingen.de\/wp-content\/uploads\/2014\/08\/sonnenschein_net_011k.jpg\" width=\"666\" height=\"594\" srcset=\"https:\/\/sonnenschein-metzingen.de\/wp-content\/uploads\/2014\/08\/sonnenschein_net_011k.jpg 666w, https:\/\/sonnenschein-metzingen.de\/wp-content\/uploads\/2014\/08\/sonnenschein_net_011k-300x267.jpg 300w\" sizes=\"(max-width: 666px) 100vw, 666px\" \/><\/a><\/p>\n","protected":false},"excerpt":{"rendered":"<p>Mit Kindern leben, spielen, lernen! Die Kindergruppe ist meist die erste Einrichtung f\u00fcr das Kind, in der es sich ohne Eltern mehrere Stunden aufh\u00e4lt. Kleinere Kinder brauchen entsprechend ihrem Entwicklungsstand mehr verl\u00e4ssliche Zuwendung, Aufmerksamkeit und N\u00e4he als Kinder im Kindergartenalter. Sie brauchen Schutz und Geborgenheit, einen geregelten Tagesablauf mit immer wiederkehrenden Ritualen als Orientierung und &hellip; <a href=\"https:\/\/sonnenschein-metzingen.de\/?page_id=23\" class=\"more-link\"><span class=\"screen-reader-text\">Was wir machen&#8230;<\/span> weiterlesen <span class=\"meta-nav\">&rarr;<\/span><\/a><\/p>\n","protected":false},"author":1,"featured_media":0,"parent":0,"menu_order":0,"comment_status":"closed","ping_status":"closed","template":"","meta":[],"_links":{"self":[{"href":"https:\/\/sonnenschein-metzingen.de\/index.php?rest_route=\/wp\/v2\/pages\/23"}],"collection":[{"href":"https:\/\/sonnenschein-metzingen.de\/index.php?rest_route=\/wp\/v2\/pages"}],"about":[{"href":"https:\/\/sonnenschein-metzingen.de\/index.php?rest_route=\/wp\/v2\/types\/page"}],"author":[{"embeddable":true,"href":"https:\/\/sonnenschein-metzingen.de\/index.php?rest_route=\/wp\/v2\/users\/1"}],"replies":[{"embeddable":true,"href":"https:\/\/sonnenschein-metzingen.de\/index.php?rest_route=%2Fwp%2Fv2%2Fcomments&post=23"}],"version-history":[{"count":5,"href":"https:\/\/sonnenschein-metzingen.de\/index.php?rest_route=\/wp\/v2\/pages\/23\/revisions"}],"predecessor-version":[{"id":150,"href":"https:\/\/sonnenschein-metzingen.de\/index.php?rest_route=\/wp\/v2\/pages\/23\/revisions\/150"}],"wp:attachment":[{"href":"https:\/\/sonnenschein-metzingen.de\/index.php?rest_route=%2Fwp%2Fv2%2Fmedia&parent=23"}],"curies":[{"name":"wp","href":"https:\/\/api.w.org\/{rel}","templated":true}]}}