{"id":17,"date":"2014-04-06T07:55:57","date_gmt":"2014-04-06T07:55:57","guid":{"rendered":"http:\/\/sonnenschein-metzingen.de\/?page_id=17"},"modified":"2020-06-01T23:36:08","modified_gmt":"2020-06-01T23:36:08","slug":"wer-wir-sind","status":"publish","type":"page","link":"https:\/\/sonnenschein-metzingen.de\/?page_id=17","title":{"rendered":"Wer wir sind&#8230;"},"content":{"rendered":"<p>Die <strong>Kindergruppe Sonnenschein e.V.<\/strong> \u00a0ist eine Einrichtung f\u00fcr 12 Kinder ab dem 2. Geburtstag bis zum Eintritt in den Kindergarten (ca. 1 Jahr lang). Unsere R\u00e4ume sind Teil des Familienzentrums in der Pfleghofstra\u00dfe 41 in Metzingen.<\/p>\n<p><strong>Tr\u00e4ger:<\/strong><\/p>\n<p>Die Kindergruppe Sonnenschein e.V.\u00a0 wurde 1996 durch eine Elterninitiative gegr\u00fcndet. Die Gesch\u00e4ftsleitung liegt bei den Vorst\u00e4nden. Die Einrichtung\u00a0 wird zu gro\u00dfen Teilen von der Stadt Metzingen mitfinanziert und unterst\u00fctzt.<\/p>\n<p><strong>Team:<\/strong><\/p>\n<p>In der Einrichtung arbeiten zur\u00a0 Zeit zwei sozialp\u00e4dagogische Fachkr\u00e4fte und eine Tagesmutter.<\/p>\n<p><img loading=\"lazy\" class=\"aligncenter size-large wp-image-726\" src=\"https:\/\/sonnenschein-metzingen.de\/wp-content\/uploads\/2020\/05\/IMG_8500-1-e1590834190704-768x1024.jpg\" alt=\"\" width=\"604\" height=\"805\" srcset=\"https:\/\/sonnenschein-metzingen.de\/wp-content\/uploads\/2020\/05\/IMG_8500-1-e1590834190704-768x1024.jpg 768w, https:\/\/sonnenschein-metzingen.de\/wp-content\/uploads\/2020\/05\/IMG_8500-1-e1590834190704-225x300.jpg 225w\" sizes=\"(max-width: 604px) 100vw, 604px\" \/><\/p>\n<p>Heidrun Czebeka, Susanne Weiblen (Gruppenleitung), Ilona Schmid<\/p>\n<p><strong>Elternarbeit:<\/strong><\/p>\n<p>Immer ein Elternteil arbeitet an einem Vormittag pro Woche (zur Zeit Freitag) mit. Bei 12 Kindern ergeben sich so in einem Jahr ca. 4 Dienste pro Familie.<\/p>\n<p>Die Eltern werden in Aktivit\u00e4ten und in die Vereinsarbeit (verschiedene \u00c4mter) eingebunden. Dazu z\u00e4hlt die Unterst\u00fctzung durch das Erledigen von Eink\u00e4ufen und die Mitarbeit an Festen und besonderen Aktionen sowie die Teilnahme an halbj\u00e4hrlichen Mitgliederversammlungen und Elterngespr\u00e4chen.<\/p>\n<p><a href=\"https:\/\/sonnenschein-metzingen.de\/wp-content\/uploads\/2020\/05\/Flyer-Sonnenschein-neu.pdf\">Ein \u00dcberblick: Unser Flyer<\/a><\/p>\n","protected":false},"excerpt":{"rendered":"<p>Die Kindergruppe Sonnenschein e.V. \u00a0ist eine Einrichtung f\u00fcr 12 Kinder ab dem 2. Geburtstag bis zum Eintritt in den Kindergarten (ca. 1 Jahr lang). Unsere R\u00e4ume sind Teil des Familienzentrums in der Pfleghofstra\u00dfe 41 in Metzingen. Tr\u00e4ger: Die Kindergruppe Sonnenschein e.V.\u00a0 wurde 1996 durch eine Elterninitiative gegr\u00fcndet. Die Gesch\u00e4ftsleitung liegt bei den Vorst\u00e4nden. Die Einrichtung\u00a0 &hellip; <a href=\"https:\/\/sonnenschein-metzingen.de\/?page_id=17\" class=\"more-link\"><span class=\"screen-reader-text\">Wer wir sind&#8230;<\/span> weiterlesen <span class=\"meta-nav\">&rarr;<\/span><\/a><\/p>\n","protected":false},"author":1,"featured_media":0,"parent":0,"menu_order":10,"comment_status":"closed","ping_status":"closed","template":"","meta":[],"_links":{"self":[{"href":"https:\/\/sonnenschein-metzingen.de\/index.php?rest_route=\/wp\/v2\/pages\/17"}],"collection":[{"href":"https:\/\/sonnenschein-metzingen.de\/index.php?rest_route=\/wp\/v2\/pages"}],"about":[{"href":"https:\/\/sonnenschein-metzingen.de\/index.php?rest_route=\/wp\/v2\/types\/page"}],"author":[{"embeddable":true,"href":"https:\/\/sonnenschein-metzingen.de\/index.php?rest_route=\/wp\/v2\/users\/1"}],"replies":[{"embeddable":true,"href":"https:\/\/sonnenschein-metzingen.de\/index.php?rest_route=%2Fwp%2Fv2%2Fcomments&post=17"}],"version-history":[{"count":14,"href":"https:\/\/sonnenschein-metzingen.de\/index.php?rest_route=\/wp\/v2\/pages\/17\/revisions"}],"predecessor-version":[{"id":735,"href":"https:\/\/sonnenschein-metzingen.de\/index.php?rest_route=\/wp\/v2\/pages\/17\/revisions\/735"}],"wp:attachment":[{"href":"https:\/\/sonnenschein-metzingen.de\/index.php?rest_route=%2Fwp%2Fv2%2Fmedia&parent=17"}],"curies":[{"name":"wp","href":"https:\/\/api.w.org\/{rel}","templated":true}]}}