{"id":100,"date":"2014-05-23T13:00:09","date_gmt":"2014-05-23T13:00:09","guid":{"rendered":"http:\/\/sonnenschein-metzingen.de\/?page_id=100"},"modified":"2019-11-19T23:01:49","modified_gmt":"2019-11-19T23:01:49","slug":"bilder","status":"publish","type":"page","link":"https:\/\/sonnenschein-metzingen.de\/?page_id=100","title":{"rendered":"&#8230; in Bildern"},"content":{"rendered":"<p>Ein paar Eindr\u00fccke unserer Einrichtung in der Pfleghofstra\u00dfe:<\/p>\n<p><img loading=\"lazy\" class=\"aligncenter size-large wp-image-567\" src=\"https:\/\/sonnenschein-metzingen.de\/wp-content\/uploads\/2018\/09\/Logo-Haus-1024x768.jpg\" alt=\"\" width=\"604\" height=\"453\" srcset=\"https:\/\/sonnenschein-metzingen.de\/wp-content\/uploads\/2018\/09\/Logo-Haus-1024x768.jpg 1024w, https:\/\/sonnenschein-metzingen.de\/wp-content\/uploads\/2018\/09\/Logo-Haus-300x225.jpg 300w, https:\/\/sonnenschein-metzingen.de\/wp-content\/uploads\/2018\/09\/Logo-Haus-768x576.jpg 768w\" sizes=\"(max-width: 604px) 100vw, 604px\" \/><\/p>\n<figure id=\"attachment_561\" aria-describedby=\"caption-attachment-561\" style=\"width: 604px\" class=\"wp-caption aligncenter\"><img loading=\"lazy\" class=\"size-large wp-image-561\" src=\"https:\/\/sonnenschein-metzingen.de\/wp-content\/uploads\/2018\/09\/AUssen-von-Tor-e1536253580537-768x1024.jpg\" alt=\"\" width=\"604\" height=\"805\" srcset=\"https:\/\/sonnenschein-metzingen.de\/wp-content\/uploads\/2018\/09\/AUssen-von-Tor-e1536253580537-768x1024.jpg 768w, https:\/\/sonnenschein-metzingen.de\/wp-content\/uploads\/2018\/09\/AUssen-von-Tor-e1536253580537-225x300.jpg 225w\" sizes=\"(max-width: 604px) 100vw, 604px\" \/><figcaption id=\"caption-attachment-561\" class=\"wp-caption-text\">Sonnenschein von Au\u00dfen<\/figcaption><\/figure>\n<figure id=\"attachment_565\" aria-describedby=\"caption-attachment-565\" style=\"width: 604px\" class=\"wp-caption aligncenter\"><img loading=\"lazy\" class=\"size-large wp-image-565\" src=\"https:\/\/sonnenschein-metzingen.de\/wp-content\/uploads\/2018\/09\/Garderobe-e1536253528225-768x1024.jpg\" alt=\"\" width=\"604\" height=\"805\" srcset=\"https:\/\/sonnenschein-metzingen.de\/wp-content\/uploads\/2018\/09\/Garderobe-e1536253528225-768x1024.jpg 768w, https:\/\/sonnenschein-metzingen.de\/wp-content\/uploads\/2018\/09\/Garderobe-e1536253528225-225x300.jpg 225w\" sizes=\"(max-width: 604px) 100vw, 604px\" \/><figcaption id=\"caption-attachment-565\" class=\"wp-caption-text\">Garderobe<\/figcaption><\/figure>\n<figure id=\"attachment_564\" aria-describedby=\"caption-attachment-564\" style=\"width: 604px\" class=\"wp-caption aligncenter\"><img loading=\"lazy\" class=\"size-large wp-image-564\" src=\"https:\/\/sonnenschein-metzingen.de\/wp-content\/uploads\/2018\/09\/Esstisch-1024x768.jpg\" alt=\"\" width=\"604\" height=\"453\" srcset=\"https:\/\/sonnenschein-metzingen.de\/wp-content\/uploads\/2018\/09\/Esstisch-1024x768.jpg 1024w, https:\/\/sonnenschein-metzingen.de\/wp-content\/uploads\/2018\/09\/Esstisch-300x225.jpg 300w, https:\/\/sonnenschein-metzingen.de\/wp-content\/uploads\/2018\/09\/Esstisch-768x576.jpg 768w\" sizes=\"(max-width: 604px) 100vw, 604px\" \/><figcaption id=\"caption-attachment-564\" class=\"wp-caption-text\">Spielraum mit Tisch f\u00fcr das gemeinsame Fr\u00fchst\u00fcck<\/figcaption><\/figure>\n<figure id=\"attachment_571\" aria-describedby=\"caption-attachment-571\" style=\"width: 604px\" class=\"wp-caption aligncenter\"><img loading=\"lazy\" class=\"size-large wp-image-571\" src=\"https:\/\/sonnenschein-metzingen.de\/wp-content\/uploads\/2018\/09\/Spielhaus2-1024x768.jpg\" alt=\"\" width=\"604\" height=\"453\" srcset=\"https:\/\/sonnenschein-metzingen.de\/wp-content\/uploads\/2018\/09\/Spielhaus2-1024x768.jpg 1024w, https:\/\/sonnenschein-metzingen.de\/wp-content\/uploads\/2018\/09\/Spielhaus2-300x225.jpg 300w, https:\/\/sonnenschein-metzingen.de\/wp-content\/uploads\/2018\/09\/Spielhaus2-768x576.jpg 768w\" sizes=\"(max-width: 604px) 100vw, 604px\" \/><figcaption id=\"caption-attachment-571\" class=\"wp-caption-text\">Spielzimmer mit Sofa und Spielhaus<\/figcaption><\/figure>\n<figure id=\"attachment_563\" aria-describedby=\"caption-attachment-563\" style=\"width: 604px\" class=\"wp-caption aligncenter\"><img loading=\"lazy\" class=\"size-large wp-image-563\" src=\"https:\/\/sonnenschein-metzingen.de\/wp-content\/uploads\/2018\/09\/Bad-1024x768.jpg\" alt=\"\" width=\"604\" height=\"453\" srcset=\"https:\/\/sonnenschein-metzingen.de\/wp-content\/uploads\/2018\/09\/Bad-1024x768.jpg 1024w, https:\/\/sonnenschein-metzingen.de\/wp-content\/uploads\/2018\/09\/Bad-300x225.jpg 300w, https:\/\/sonnenschein-metzingen.de\/wp-content\/uploads\/2018\/09\/Bad-768x576.jpg 768w\" sizes=\"(max-width: 604px) 100vw, 604px\" \/><figcaption id=\"caption-attachment-563\" class=\"wp-caption-text\">Kinderbad<\/figcaption><\/figure>\n<figure id=\"attachment_652\" aria-describedby=\"caption-attachment-652\" style=\"width: 604px\" class=\"wp-caption aligncenter\"><img loading=\"lazy\" class=\"size-large wp-image-652\" src=\"https:\/\/sonnenschein-metzingen.de\/wp-content\/uploads\/2019\/02\/20190222_114453-1024x576.jpg\" alt=\"Spielplatz nebenan\" width=\"604\" height=\"340\" srcset=\"https:\/\/sonnenschein-metzingen.de\/wp-content\/uploads\/2019\/02\/20190222_114453-1024x576.jpg 1024w, https:\/\/sonnenschein-metzingen.de\/wp-content\/uploads\/2019\/02\/20190222_114453-300x169.jpg 300w, https:\/\/sonnenschein-metzingen.de\/wp-content\/uploads\/2019\/02\/20190222_114453-768x432.jpg 768w\" sizes=\"(max-width: 604px) 100vw, 604px\" \/><figcaption id=\"caption-attachment-652\" class=\"wp-caption-text\">Spielplatz Schlossstra\u00dfe nebenan<\/figcaption><\/figure>\n<p><img loading=\"lazy\" class=\"aligncenter size-large wp-image-653\" src=\"https:\/\/sonnenschein-metzingen.de\/wp-content\/uploads\/2019\/02\/20190222_101626-1024x576.jpg\" alt=\"\" width=\"604\" height=\"340\" srcset=\"https:\/\/sonnenschein-metzingen.de\/wp-content\/uploads\/2019\/02\/20190222_101626-1024x576.jpg 1024w, https:\/\/sonnenschein-metzingen.de\/wp-content\/uploads\/2019\/02\/20190222_101626-300x169.jpg 300w, https:\/\/sonnenschein-metzingen.de\/wp-content\/uploads\/2019\/02\/20190222_101626-768x432.jpg 768w\" sizes=\"(max-width: 604px) 100vw, 604px\" \/><\/p>\n<p>Gemeinsames Vesper<\/p>\n<p><img loading=\"lazy\" class=\"aligncenter size-large wp-image-655\" src=\"https:\/\/sonnenschein-metzingen.de\/wp-content\/uploads\/2019\/02\/20190125_090724-1024x576.jpg\" alt=\"\" width=\"604\" height=\"340\" srcset=\"https:\/\/sonnenschein-metzingen.de\/wp-content\/uploads\/2019\/02\/20190125_090724-1024x576.jpg 1024w, https:\/\/sonnenschein-metzingen.de\/wp-content\/uploads\/2019\/02\/20190125_090724-300x169.jpg 300w, https:\/\/sonnenschein-metzingen.de\/wp-content\/uploads\/2019\/02\/20190125_090724-768x432.jpg 768w\" sizes=\"(max-width: 604px) 100vw, 604px\" \/><\/p>\n<p><img loading=\"lazy\" class=\"aligncenter size-large wp-image-656\" src=\"https:\/\/sonnenschein-metzingen.de\/wp-content\/uploads\/2019\/02\/20190118_090718-e1550937080475-1024x622.jpg\" alt=\"\" width=\"604\" height=\"367\" srcset=\"https:\/\/sonnenschein-metzingen.de\/wp-content\/uploads\/2019\/02\/20190118_090718-e1550937080475-1024x622.jpg 1024w, https:\/\/sonnenschein-metzingen.de\/wp-content\/uploads\/2019\/02\/20190118_090718-e1550937080475-300x182.jpg 300w, https:\/\/sonnenschein-metzingen.de\/wp-content\/uploads\/2019\/02\/20190118_090718-e1550937080475-768x466.jpg 768w\" sizes=\"(max-width: 604px) 100vw, 604px\" \/><\/p>\n<p><img loading=\"lazy\" class=\"aligncenter size-large wp-image-657\" src=\"https:\/\/sonnenschein-metzingen.de\/wp-content\/uploads\/2019\/02\/20190118_091100-1024x576.jpg\" alt=\"\" width=\"604\" height=\"340\" srcset=\"https:\/\/sonnenschein-metzingen.de\/wp-content\/uploads\/2019\/02\/20190118_091100-1024x576.jpg 1024w, https:\/\/sonnenschein-metzingen.de\/wp-content\/uploads\/2019\/02\/20190118_091100-300x169.jpg 300w, https:\/\/sonnenschein-metzingen.de\/wp-content\/uploads\/2019\/02\/20190118_091100-768x432.jpg 768w\" sizes=\"(max-width: 604px) 100vw, 604px\" \/><\/p>\n<p>Unser Garten zum Spielen<\/p>\n<p><img loading=\"lazy\" class=\"aligncenter size-large wp-image-658\" src=\"https:\/\/sonnenschein-metzingen.de\/wp-content\/uploads\/2019\/02\/20190118_090853-1024x576.jpg\" alt=\"\" width=\"604\" height=\"340\" srcset=\"https:\/\/sonnenschein-metzingen.de\/wp-content\/uploads\/2019\/02\/20190118_090853-1024x576.jpg 1024w, https:\/\/sonnenschein-metzingen.de\/wp-content\/uploads\/2019\/02\/20190118_090853-300x169.jpg 300w, https:\/\/sonnenschein-metzingen.de\/wp-content\/uploads\/2019\/02\/20190118_090853-768x432.jpg 768w\" sizes=\"(max-width: 604px) 100vw, 604px\" \/><\/p>\n<p><img loading=\"lazy\" class=\"aligncenter size-large wp-image-659\" src=\"https:\/\/sonnenschein-metzingen.de\/wp-content\/uploads\/2019\/02\/20190118_090727-1024x576.jpg\" alt=\"\" width=\"604\" height=\"340\" srcset=\"https:\/\/sonnenschein-metzingen.de\/wp-content\/uploads\/2019\/02\/20190118_090727-1024x576.jpg 1024w, https:\/\/sonnenschein-metzingen.de\/wp-content\/uploads\/2019\/02\/20190118_090727-300x169.jpg 300w, https:\/\/sonnenschein-metzingen.de\/wp-content\/uploads\/2019\/02\/20190118_090727-768x432.jpg 768w\" sizes=\"(max-width: 604px) 100vw, 604px\" \/><\/p>\n","protected":false},"excerpt":{"rendered":"<p>Ein paar Eindr\u00fccke unserer Einrichtung in der Pfleghofstra\u00dfe: Gemeinsames Vesper Unser Garten zum Spielen<\/p>\n","protected":false},"author":1,"featured_media":0,"parent":23,"menu_order":200,"comment_status":"closed","ping_status":"closed","template":"","meta":[],"_links":{"self":[{"href":"https:\/\/sonnenschein-metzingen.de\/index.php?rest_route=\/wp\/v2\/pages\/100"}],"collection":[{"href":"https:\/\/sonnenschein-metzingen.de\/index.php?rest_route=\/wp\/v2\/pages"}],"about":[{"href":"https:\/\/sonnenschein-metzingen.de\/index.php?rest_route=\/wp\/v2\/types\/page"}],"author":[{"embeddable":true,"href":"https:\/\/sonnenschein-metzingen.de\/index.php?rest_route=\/wp\/v2\/users\/1"}],"replies":[{"embeddable":true,"href":"https:\/\/sonnenschein-metzingen.de\/index.php?rest_route=%2Fwp%2Fv2%2Fcomments&post=100"}],"version-history":[{"count":20,"href":"https:\/\/sonnenschein-metzingen.de\/index.php?rest_route=\/wp\/v2\/pages\/100\/revisions"}],"predecessor-version":[{"id":722,"href":"https:\/\/sonnenschein-metzingen.de\/index.php?rest_route=\/wp\/v2\/pages\/100\/revisions\/722"}],"up":[{"embeddable":true,"href":"https:\/\/sonnenschein-metzingen.de\/index.php?rest_route=\/wp\/v2\/pages\/23"}],"wp:attachment":[{"href":"https:\/\/sonnenschein-metzingen.de\/index.php?rest_route=%2Fwp%2Fv2%2Fmedia&parent=100"}],"curies":[{"name":"wp","href":"https:\/\/api.w.org\/{rel}","templated":true}]}}